{"id":104,"date":"2013-12-03T17:09:18","date_gmt":"2013-12-03T16:09:18","guid":{"rendered":"http:\/\/www.ggzdewikk.nl\/?page_id=104"},"modified":"2025-12-29T17:06:41","modified_gmt":"2025-12-29T16:06:41","slug":"wikktarief","status":"publish","type":"page","link":"https:\/\/www.ggzdewikk.nl\/?page_id=104","title":{"rendered":"WikKtarieven"},"content":{"rendered":"<pre><span style=\"color: #99cc00;\">GGZdeWikK<\/span><b> biedt behandeling binnen de Specialistische GGZ.\u00a0 Specialistische behandeling wordt in principe vergoed vanuit de basisverzekering en gedeclareerd <\/b><span style=\"font-weight: 600;\">middels<\/span><b> het Zorgprestatiemodel.\u00a0De tarieven worden vastgesteld door de Nederlandse Zorgautoriteit. \nDe hoogte van de vergoeding en een eventuele eigen bijdrage verschilt per zorgverzekeraar en is afhankelijk van uw polis. <\/b><\/pre>\n<p><span style=\"color: #99cc00;\">GGZdeWikK<\/span> heeft in 2026 een contract met Menzis. Voor cli\u00ebnten die bij Menzis verzekerd zijn, betekent dit dat ze aanspraak kunnen maken op een volledige vergoeding volgens hun polisvoorwaarden. Met andere zorgverzekeraars hebben we in 2026 geen contract: voor cli\u00ebnten die niet bij Menzis verzekerd zijn bieden we contractvrije zorg: U ontvangt maandelijks een factuur, die u kunt indienen bij uw zorgverzekeraar. Uw behandeling bij <span style=\"color: #99cc00;\">GGZdeWikK<\/span> wordt (gedeeltelijk) vergoed door uw zorgverzekeraar vanuit de basisverzekering.<\/p>\n<p>De hoogte van de vergoeding die u krijgt bij contractvrije zorg is afhankelijk van uw verzekeringspolis. Er zijn verschillende zorgpolissen:<\/p>\n<p>= Contractvrije zorg wordt <em>niet <\/em>vergoed als u een<span style=\"color: #000000;\"> budgetpolis<\/span> heeft afgesloten.<strong>\u00a0<\/strong><\/p>\n<p>= Met een naturapolis wordt contractvrije zorg <em>deels<\/em> vergoed: met\u00a0een <span style=\"color: #000000;\"><a style=\"color: #000000;\" href=\"http:\/\/nl.wikipedia.org\/wiki\/Naturapolis\">naturapolis<\/a><\/span> is in principe de zorg zelf verzekerd (u heeft dan recht op (volledige) vergoeding van zorg die wordt verleend door een zorgverlener die een contract heeft met uw zorgverzekeraar). Met een naturapolis wordt contractvrije zorg vergoed, maar tegen een lager tarief en soms onder bepaalde voorwaarden. Als u een naturapolis heeft, is het van belang om v\u00f3\u00f3r de start van de behandeling, of v\u00f3\u00f3r de start van een vervolgDBC, bij uw zorgverzekeraar te informeren welke voorwaarden zij stellen aan de vergoeding van contractvrije zorg. Met een naturapolis zult u een deel van de kosten (het verschil tussen het NZA-tarief en de vergoeding van uw zorgverzekeraar) dus zelf moeten betalen (NB. dit geldt in 2026 dus niet voor cli\u00ebnten die verzekerd zijn bij Menzis, zij hebben recht op een volledige vergoeding).<\/p>\n<p>= Met een<strong><span style=\"color: #000000;\"> combinatiepolis<\/span><\/strong> wordt contractvrije zorg <em>grotendeels<\/em> vergoed: met\u00a0een restitutiepolis zijn de zorg<em>kosten<\/em> verzekerd \u2013 u kunt dan zelf kiezen bij welke zorgverlener u in behandeling wilt, ongeacht of die een contract heeft met de zorgverzekeraar. In 2026 worden opnieuw voor de GGZ en de wijkverpleging een uitzondering gemaakt bij de combinatiepolis, de zorg wordt niet volledig vergoed.<\/p>\n<p><strong>Let dus goed op de voorwaarden in uw polis.<\/strong> Bij de meeste zorgverzekeraars is in de polisvoorwaarden opgenomen dat zij een vergoeding bieden op basis van het gemiddelde gecontracteerde tarief. Dit tarief is gebaseerd op de contractafspraken van deze zorgverzekeraar, dus <em>niet<\/em> op het landelijk geldende NZA-tarief (het wettelijke of marktconforme tarief). Het betekent dat u zelf een deel van de kosten zult moeten betalen. Informeer dus voor de start van uw behandeling bij uw zorgverzekeraar goed naar een eventuele eigen bijdrage of aanvullende voorwaarden zoals een machtiging.<\/p>\n<p><span style=\"color: #99cc00;\"><strong>Volledige vergoeding? <span style=\"color: #000000;\">Als een pati\u00ebnt bij een gecontracteerde zorgaanbieder langer moet wachten dan de Treeknorm, dan kan hij bij de zorgverzekeraar om zorgbemiddeling vragen. De zorgverzekeraar moet de pati\u00ebnt dan helpen om een andere behandelaar te vinden waar hij sneller terecht kan. Zijn er geen gecontracteerde aanbieders met een kortere wachttijd, dan mag de pati\u00ebnt ook naar een ongecontracteerde zorgaanbieder als hij daar eerder aan de beurt is. De zorgverzekeraar zal de zorg dan volledig moeten vergoeden. Belangrijke voorwaarde: de verzekerde moet eerst echt zelf om bemiddeling gevraagd hebben bij de eigen zorgverzekeraar. <\/span><\/strong><span style=\"color: #000000;\">De integrale tekst van de NZA luidt als volgt: &#8220;<\/span><\/span><em>Iedereen heeft recht op zorgbemiddeling door zijn of haar zorgverzekeraar. De zorgverzekeraar kan verzekerden op weg helpen naar tijdige zorg, juist ook als er sprake is van wachtlijsten. Is er sprake van een wachttijd die langer is dan de Treeknorm? Dan kan de verzekerde dus meteen om zorgbemiddeling vragen bij de zorgverzekeraar. De zorgverzekeraar moet zijn verzekerde, welke polis hij ook heeft, helpen aan een alternatieve zorgaanbieder om te voldoen aan zijn zorgplicht. De zorgverzekeraar bekijkt dan waar de verzekerde snel(ler) terecht kan. <\/em><em>Als er geen plek is bij een zorgaanbieder met wie er een contract is, dan kan de zorgverzekeraar ook een niet-gecontracteerde zorgaanbieder benaderen. Er wordt dan vaak voorafgaand aan de zorg een individuele maatwerkafspraak gemaakt. <span style=\"color: #99cc00;\">In dat geval zal de zorgverzekeraar de geleverde zorg aan zijn verzekerde volledig vergoeden. <\/span><\/em><span style=\"color: #99cc00;\"><em>Leidt de zorgbemiddeling niet tot tijdige zorg voor de verzekerde? Dan mag de zorgverzekeraar de vergoeding van de zorg niet beperken, als de verzekerde wel tijdig bij een niet-gecontracteerde zorgaanbieder terecht kan.&#8221;<\/em><\/span><\/p>\n<p><strong>Eigen risico\u00a0<\/strong>Ook voor Specialistische GGZ geldt het eigen risico in de zorg: dat is \u20ac385,-. Afhankelijk van uw eigen zorgkosten moet u bij het betalen van de factuur van <span style=\"color: #99cc00;\">GGZdeWikK<\/span> het (restant van) uw eigen risicobedrag dus bijbetalen.<\/p>\n<p><strong>No show\u00a0<\/strong>We vragen cli\u00ebnten om een geplande afspraak uiterlijk 24 uur van te voren af te zeggen. Bij no-show sturen we een factuur van \u20ac75,-. Deze factuur is niet te declareren bij de zorgverzekeraar en zult u dus zelf moeten betalen.<\/p>\n<p>Op de factuur zijn de volgende <strong>betalingsvoorwaarden<\/strong> van toepassing:\u00a0<strong>\u00a0<\/strong><\/p>\n<p>Artikel 1\u00a0De betalingsvoorwaarden zijn van toepassing op alle behandelovereenkomsten tussen <span style=\"color: #99cc00;\">GGZdeWikK<\/span> en de cli\u00ebnt(e).<\/p>\n<p>Artikel 2\u00a0De facturen van <span style=\"color: #99cc00;\">GGZdeWikK<\/span> worden opgesteld en verstuurd door de facturatieservice van Axians. De door <span style=\"color: #99cc00;\">GGZdeWikK<\/span> aan de cli\u00ebnt(e) gedeclareerde kosten voor de behandeling dienen door de cli\u00ebnt(e) binnen 30 dagen na de datum van de factuur te zijn betaald.<\/p>\n<p>Artikel 3\u00a0Voldoet de cli\u00ebnt(e) niet aan zijn\/haar betalingsverplichtingen, dan is de behandelaar gerechtigd verdere behandeling op te schorten totdat de cli\u00ebnt(e) aan zijn\/haar verplichtingen heeft voldaan.<\/p>\n<p>Artikel 4\u00a0Voldoet de cli\u00ebnt(e) niet aan zijn\/haar betalingsverplichtingen, dan is <span style=\"color: #99cc00;\">GGZdeWikK\u00a0<\/span>zonder nadere ingebrekestelling gerechtigd incassomaatregelen te treffen, dan wel door derden te laten uitvoeren.<\/p>\n<p>Artikel 5\u00a0Alle buitengerechtelijke incassokosten verband houdende met de invordering van de gedeclareerde bedragen komen ten laste van de cli\u00ebnt(e).<\/p>\n<p>Vragen?<\/p>\n<p>Mocht u nog vragen hebben over onze tarieven of betalingsvoorwaarden dan horen we dat uiteraard graag. Met specifieke vragen over uw polisvoorwaarden kunt u bij uw zorgverzekeraar terecht.<\/p>\n<p>Tot slot is goed om te weten dat we bij <span style=\"color: #99cc00;\">de WikK<\/span> een <strong>coulanceregeling<\/strong> hebben voor mensen die niet in staat zijn om hun eigen bijdrage (volledig) te betalen.<\/p>\n","protected":false},"excerpt":{"rendered":"<p>GGZdeWikK biedt behandeling binnen de Specialistische GGZ.\u00a0 Specialistische behandeling wordt in principe vergoed vanuit de basisverzekering en gedeclareerd middels het Zorgprestatiemodel.\u00a0De tarieven worden vastgesteld door de Nederlandse Zorgautoriteit. De hoogte van de vergoeding en een eventuele eigen bijdrage verschilt per zorgverzekeraar en is afhankelijk van uw polis. GGZdeWikK heeft in 2026 een contract met Menzis. &hellip; <a href=\"https:\/\/www.ggzdewikk.nl\/?page_id=104\" class=\"more-link\">Lees verder <span class=\"screen-reader-text\">WikKtarieven<\/span> <span class=\"meta-nav\">&rarr;<\/span><\/a><\/p>\n","protected":false},"author":1,"featured_media":0,"parent":67,"menu_order":3,"comment_status":"closed","ping_status":"closed","template":"","meta":[],"_links":{"self":[{"href":"https:\/\/www.ggzdewikk.nl\/index.php?rest_route=\/wp\/v2\/pages\/104"}],"collection":[{"href":"https:\/\/www.ggzdewikk.nl\/index.php?rest_route=\/wp\/v2\/pages"}],"about":[{"href":"https:\/\/www.ggzdewikk.nl\/index.php?rest_route=\/wp\/v2\/types\/page"}],"author":[{"embeddable":true,"href":"https:\/\/www.ggzdewikk.nl\/index.php?rest_route=\/wp\/v2\/users\/1"}],"replies":[{"embeddable":true,"href":"https:\/\/www.ggzdewikk.nl\/index.php?rest_route=%2Fwp%2Fv2%2Fcomments&post=104"}],"version-history":[{"count":36,"href":"https:\/\/www.ggzdewikk.nl\/index.php?rest_route=\/wp\/v2\/pages\/104\/revisions"}],"predecessor-version":[{"id":1221,"href":"https:\/\/www.ggzdewikk.nl\/index.php?rest_route=\/wp\/v2\/pages\/104\/revisions\/1221"}],"up":[{"embeddable":true,"href":"https:\/\/www.ggzdewikk.nl\/index.php?rest_route=\/wp\/v2\/pages\/67"}],"wp:attachment":[{"href":"https:\/\/www.ggzdewikk.nl\/index.php?rest_route=%2Fwp%2Fv2%2Fmedia&parent=104"}],"curies":[{"name":"wp","href":"https:\/\/api.w.org\/{rel}","templated":true}]}}